{"id":2,"date":"2010-01-11T14:23:05","date_gmt":"2010-01-11T13:23:05","guid":{"rendered":"http:\/\/pete-smith.de\/blog\/index.php?page_id=2"},"modified":"2026-02-23T16:40:41","modified_gmt":"2026-02-23T15:40:41","slug":"about","status":"publish","type":"page","link":"https:\/\/pete-smith.de\/?page_id=2","title":{"rendered":"Vita"},"content":{"rendered":"<p>Der deutsch-britische Schriftsteller Pete Smith wurde 1960 als Sohn einer Spanierin und eines Engl\u00e4nders im westf\u00e4lischen Soest geboren.<\/p>\n<p>An der Universit\u00e4t M\u00fcnster studierte er Germanistik, Philosophie sowie Publizistik und arbeitete nach seinem Magister-Examen zun\u00e4chst als Redakteur, bevor er sich als freier Schriftsteller niederlie\u00df.<\/p>\n<p>Er schreibt Romane, Erz\u00e4hlungen, Kurzgeschichten, Essays und Theaterst\u00fccke. 2012 wurde er f\u00fcr seinen 2015 im Frankfurter Societ\u00e4ts-Verlag erschienenen Roman \u201eEndspiel\u201c mit dem vom Hessischen Ministerium f\u00fcr Wissenschaft und Kunst vergebenen Robert-Gernhardt-Preis ausgezeichnet.<\/p>\n<p>Der Autor ist Mitglied im Verband deutscher Schriftstellerinnen und Schriftsteller (VS).<\/p>\n<p>Pete Smith lebt in Offenbach am Main.<\/p>\n","protected":false},"excerpt":{"rendered":"<p>Der deutsch-britische Schriftsteller Pete Smith wurde 1960 als Sohn einer Spanierin und eines Engl\u00e4nders im westf\u00e4lischen Soest geboren. An der [&hellip;]<\/p>\n","protected":false},"author":1,"featured_media":0,"parent":0,"menu_order":2,"comment_status":"closed","ping_status":"closed","template":"","meta":{"saved_in_kubio":false,"_gspb_post_css":"","content-type":"","site-sidebar-layout":"default","site-content-layout":"","ast-site-content-layout":"default","site-content-style":"default","site-sidebar-style":"default","ast-global-header-display":"","ast-banner-title-visibility":"","ast-main-header-display":"","ast-hfb-above-header-display":"","ast-hfb-below-header-display":"","ast-hfb-mobile-header-display":"","site-post-title":"","ast-breadcrumbs-content":"","ast-featured-img":"","footer-sml-layout":"","ast-disable-related-posts":"","theme-transparent-header-meta":"","adv-header-id-meta":"","stick-header-meta":"","header-above-stick-meta":"","header-main-stick-meta":"","header-below-stick-meta":"","astra-migrate-meta-layouts":"default","ast-page-background-enabled":"default","ast-page-background-meta":{"desktop":{"background-color":"var(--ast-global-color-5)","background-image":"","background-repeat":"repeat","background-position":"center center","background-size":"auto","background-attachment":"scroll","background-type":"","background-media":"","overlay-type":"","overlay-color":"","overlay-opacity":"","overlay-gradient":""},"tablet":{"background-color":"","background-image":"","background-repeat":"repeat","background-position":"center center","background-size":"auto","background-attachment":"scroll","background-type":"","background-media":"","overlay-type":"","overlay-color":"","overlay-opacity":"","overlay-gradient":""},"mobile":{"background-color":"","background-image":"","background-repeat":"repeat","background-position":"center center","background-size":"auto","background-attachment":"scroll","background-type":"","background-media":"","overlay-type":"","overlay-color":"","overlay-opacity":"","overlay-gradient":""}},"ast-content-background-meta":{"desktop":{"background-color":"var(--ast-global-color-4)","background-image":"","background-repeat":"repeat","background-position":"center center","background-size":"auto","background-attachment":"scroll","background-type":"","background-media":"","overlay-type":"","overlay-color":"","overlay-opacity":"","overlay-gradient":""},"tablet":{"background-color":"var(--ast-global-color-4)","background-image":"","background-repeat":"repeat","background-position":"center center","background-size":"auto","background-attachment":"scroll","background-type":"","background-media":"","overlay-type":"","overlay-color":"","overlay-opacity":"","overlay-gradient":""},"mobile":{"background-color":"var(--ast-global-color-4)","background-image":"","background-repeat":"repeat","background-position":"center center","background-size":"auto","background-attachment":"scroll","background-type":"","background-media":"","overlay-type":"","overlay-color":"","overlay-opacity":"","overlay-gradient":""}},"ngg_post_thumbnail":0,"footnotes":""},"class_list":["post-2","page","type-page","status-publish","hentry"],"aioseo_notices":[],"kubio_ai_page_context":{"short_desc":"","purpose":"general"},"brizy_media":[],"_links":{"self":[{"href":"https:\/\/pete-smith.de\/index.php?rest_route=\/wp\/v2\/pages\/2","targetHints":{"allow":["GET"]}}],"collection":[{"href":"https:\/\/pete-smith.de\/index.php?rest_route=\/wp\/v2\/pages"}],"about":[{"href":"https:\/\/pete-smith.de\/index.php?rest_route=\/wp\/v2\/types\/page"}],"author":[{"embeddable":true,"href":"https:\/\/pete-smith.de\/index.php?rest_route=\/wp\/v2\/users\/1"}],"replies":[{"embeddable":true,"href":"https:\/\/pete-smith.de\/index.php?rest_route=%2Fwp%2Fv2%2Fcomments&post=2"}],"version-history":[{"count":11,"href":"https:\/\/pete-smith.de\/index.php?rest_route=\/wp\/v2\/pages\/2\/revisions"}],"predecessor-version":[{"id":1025,"href":"https:\/\/pete-smith.de\/index.php?rest_route=\/wp\/v2\/pages\/2\/revisions\/1025"}],"wp:attachment":[{"href":"https:\/\/pete-smith.de\/index.php?rest_route=%2Fwp%2Fv2%2Fmedia&parent=2"}],"curies":[{"name":"wp","href":"https:\/\/api.w.org\/{rel}","templated":true}]}}